{"id":110,"date":"2014-06-11T07:54:38","date_gmt":"2014-06-11T07:54:38","guid":{"rendered":"http:\/\/clamart-citoyenne.net\/?page_id=110"},"modified":"2026-01-21T17:39:33","modified_gmt":"2026-01-21T15:39:33","slug":"adherez","status":"publish","type":"page","link":"https:\/\/clamart-citoyenne.fr\/?page_id=110","title":{"rendered":"Adh\u00e9rez, R\u00e9-adh\u00e9rez !"},"content":{"rendered":"\r\n<p>Pour que Clamart Citoyenne fasse davantage entendre sa voix, rejoignez-nous :<\/p>\r\n\r\n\r\n\r\n\r\n\r\n<figure class=\"wp-block-image size-large\"><\/figure>\r\n<p id=\"JAtdpwX\"><img loading=\"lazy\" decoding=\"async\" class=\"alignnone  wp-image-35171 \" src=\"https:\/\/clamart-citoyenne.fr\/wp-content\/uploads\/2026\/01\/img_6970f31c7a592.png\" alt=\"\" width=\"1111\" height=\"723\" srcset=\"https:\/\/clamart-citoyenne.fr\/wp-content\/uploads\/2026\/01\/img_6970f31c7a592.png 1380w, https:\/\/clamart-citoyenne.fr\/wp-content\/uploads\/2026\/01\/img_6970f31c7a592-300x195.png 300w, https:\/\/clamart-citoyenne.fr\/wp-content\/uploads\/2026\/01\/img_6970f31c7a592-1024x666.png 1024w, https:\/\/clamart-citoyenne.fr\/wp-content\/uploads\/2026\/01\/img_6970f31c7a592-768x500.png 768w\" sizes=\"auto, (max-width: 1111px) 100vw, 1111px\" \/><\/p>\r\n\n<div class=\"twitter-share\"><a href=\"https:\/\/twitter.com\/intent\/tweet?via=clamartcitoy\" class=\"twitter-share-button\">Tweet<\/a><\/div>\n","protected":false},"excerpt":{"rendered":"<p>Pour que Clamart Citoyenne fasse davantage entendre sa voix, rejoignez-nous :<\/p>\n","protected":false},"author":1,"featured_media":33760,"parent":0,"menu_order":0,"comment_status":"closed","ping_status":"closed","template":"","meta":{"advgb_blocks_editor_width":"","advgb_blocks_columns_visual_guide":"","_kad_post_transparent":"default","_kad_post_title":"default","_kad_post_layout":"default","_kad_post_sidebar_id":"","_kad_post_content_style":"default","_kad_post_vertical_padding":"default","_kad_post_feature":"","_kad_post_feature_position":"","_kad_post_header":false,"_kad_post_footer":false,"_kad_post_classname":"","jetpack_post_was_ever_published":false,"footnotes":""},"class_list":["post-110","page","type-page","status-publish","has-post-thumbnail","hentry"],"coauthors":[],"author_meta":{"author_link":"https:\/\/clamart-citoyenne.fr\/?author=1","display_name":"CCadminWP"},"relative_dates":{"created":"Publi\u00e9 12 ans il y a","modified":"Mis \u00e0 jour 3 mois il y a"},"absolute_dates":{"created":"Publi\u00e9 le 11\/06\/2014","modified":"Mise \u00e0 jour le 21\/01\/2026"},"absolute_dates_time":{"created":"Publi\u00e9 le 11\/06\/2014 07:54","modified":"Mise \u00e0 jour le 21\/01\/2026 17:39"},"featured_img_caption":"","featured_img":"https:\/\/clamart-citoyenne.fr\/wp-content\/uploads\/2024\/02\/2022-11-Bandeau-CC-75-Recadre-940x198.jpg","series_order":"","jetpack_sharing_enabled":true,"jetpack_shortlink":"https:\/\/wp.me\/P7cbn9-1M","jetpack_likes_enabled":true,"_links":{"self":[{"href":"https:\/\/clamart-citoyenne.fr\/index.php?rest_route=\/wp\/v2\/pages\/110","targetHints":{"allow":["GET"]}}],"collection":[{"href":"https:\/\/clamart-citoyenne.fr\/index.php?rest_route=\/wp\/v2\/pages"}],"about":[{"href":"https:\/\/clamart-citoyenne.fr\/index.php?rest_route=\/wp\/v2\/types\/page"}],"author":[{"embeddable":true,"href":"https:\/\/clamart-citoyenne.fr\/index.php?rest_route=\/wp\/v2\/users\/1"}],"replies":[{"embeddable":true,"href":"https:\/\/clamart-citoyenne.fr\/index.php?rest_route=%2Fwp%2Fv2%2Fcomments&post=110"}],"version-history":[{"count":18,"href":"https:\/\/clamart-citoyenne.fr\/index.php?rest_route=\/wp\/v2\/pages\/110\/revisions"}],"predecessor-version":[{"id":35172,"href":"https:\/\/clamart-citoyenne.fr\/index.php?rest_route=\/wp\/v2\/pages\/110\/revisions\/35172"}],"wp:featuredmedia":[{"embeddable":true,"href":"https:\/\/clamart-citoyenne.fr\/index.php?rest_route=\/wp\/v2\/media\/33760"}],"wp:attachment":[{"href":"https:\/\/clamart-citoyenne.fr\/index.php?rest_route=%2Fwp%2Fv2%2Fmedia&parent=110"}],"curies":[{"name":"wp","href":"https:\/\/api.w.org\/{rel}","templated":true}]}}