{"id":130,"date":"2014-06-11T10:12:33","date_gmt":"2014-06-11T10:12:33","guid":{"rendered":"http:\/\/clamart-citoyenne.net\/?page_id=130"},"modified":"2014-06-11T10:23:21","modified_gmt":"2014-06-11T10:23:21","slug":"nos-statuts","status":"publish","type":"page","link":"https:\/\/clamart-citoyenne.fr\/?page_id=130","title":{"rendered":"Nos statuts"},"content":{"rendered":"<h2>Statuts de l&rsquo;association Clamart Citoyenne<\/h2>\n<p>ARTICLE PREMIER \u2013 NOM<br \/>\nIl est fond\u00e9 entre les adh\u00e9rents aux pr\u00e9sents statuts une association r\u00e9gie par la loi du 1er juillet 1901 et le d\u00e9cret du 16 ao\u00fbt 1901, ayant pour titre : Clamart Citoyenne<\/p>\n<p>ARTICLE 2 &#8211; OBJET<br \/>\nCette association a pour objectifs de :<br \/>\n&#8211; Agir pour le d\u00e9veloppement de l\u2019\u00e9cologie, de la solidarit\u00e9 et de la justice sociale.<br \/>\n&#8211; Promouvoir la d\u00e9mocratie participative et locale et favoriser les initiatives citoyennes.<br \/>\n&#8211; Susciter l\u2019int\u00e9r\u00eat actif des Clamartois \u00e0 tous les aspects de la vie dans la cit\u00e9, en liaison avec le r\u00e9seau associatif.<br \/>\n&#8211; Agir en justice, si n\u00e9cessaire, pour la d\u00e9fense des int\u00e9r\u00eats des Clamartois notamment dans les domaines suivants : am\u00e9nagement, urbanisme, logement, transport, \u00e9cologie, environnement, sant\u00e9, \u00e9ducation, culture, jeunesse, emploi, personnes \u00e2g\u00e9es, qualit\u00e9 des services publics.<br \/>\n&#8211; Agir contre toutes formes de discrimination, d\u00e9fendre ou assister les personnes ou les groupes qui en seraient victimes.<br \/>\n&#8211; Utiliser tous les moyens n\u00e9cessaires \u00e0 la r\u00e9alisation de son objet social.<\/p>\n<p>ARTICLE 3 &#8211; SI\u00c8GE SOCIAL<br \/>\nLe si\u00e8ge social est fix\u00e9 au 29 avenue Jean Jaur\u00e8s \u00e0 Clamart. Il pourra \u00eatre transf\u00e9r\u00e9 par simple d\u00e9cision du conseil d&rsquo;administration \u00e0 la majorit\u00e9 simple.<\/p>\n<p>ARTICLE 4 &#8211; DUREE<br \/>\nLa dur\u00e9e de l\u2019association est illimit\u00e9e.<\/p>\n<p>ARTICLE 5 &#8211; COMPOSITION<br \/>\nLes membres de la liste \u00ab Clamart Citoyenne \u00bb pr\u00e9sent\u00e9e aux \u00e9lections municipales de mars 2014 \u00e0 Clamart, les membres de l\u2019\u00e9quipe de campagne ainsi que celles et ceux qui lui ont manifest\u00e9 leur soutien public, pr\u00e9sents ou repr\u00e9sent\u00e9s, et l\u2019association \u00ab Alternative Clamartienne \u00bb forment l\u2019assembl\u00e9e g\u00e9n\u00e9rale constitutive.<br \/>\nSont membres de l\u2019association, sous r\u00e9serve de l\u2019agr\u00e9ment du Conseil d\u2019Administration, les personnes physiques ou morales qui d\u00e9clarent accepter les pr\u00e9sents statuts et payer annuellement la cotisation fix\u00e9e par le Conseil d\u2019Administration.<\/p>\n<p>ARTICLE 6 \u2013 ADMISSION<br \/>\nPeuvent adh\u00e9rer toutes les personnes physiques ou morales en accord avec les objectifs expos\u00e9s \u00e0 l\u2019article 2.<br \/>\nLes adh\u00e9sions sont soumises \u00e0 l\u2019acceptation du conseil d\u2019administration et au versement de la cotisation annuelle. En cas de refus un recours est possible devant l\u2019assembl\u00e9e g\u00e9n\u00e9rale.<br \/>\nLes personnes morales d\u00e9signent un repr\u00e9sentant aux assembl\u00e9es g\u00e9n\u00e9rales.<\/p>\n<p>ARTICLE 7 &#8211; COTISATIONS<br \/>\nLa cotisation est fix\u00e9e annuellement par l\u2019assembl\u00e9e g\u00e9n\u00e9rale sur proposition du conseil d\u2019administration.<br \/>\nDes tarifs r\u00e9duits et de soutien sont propos\u00e9s (notamment sur des crit\u00e8res sociaux et de solidarit\u00e9).<\/p>\n<p>ARTICLE 8 &#8211; RADIATIONS<br \/>\nLa qualit\u00e9 de membre se perd par :<br \/>\na) La d\u00e9mission<br \/>\nb) Le d\u00e9c\u00e8s<br \/>\nc) La radiation prononc\u00e9e par le conseil d&rsquo;administration pour non-paiement de la cotisation ou pour motif grave, l&rsquo;int\u00e9ress\u00e9 ayant \u00e9t\u00e9 invit\u00e9 \u00e0 fournir des explications devant le bureau et\/ou par \u00e9crit. Un recours est possible devant l\u2019assembl\u00e9e g\u00e9n\u00e9rale avant que la radiation ne soit d\u00e9finitive.<\/p>\n<p>ARTICLE 9 &#8211; AFFILIATION<br \/>\nLa pr\u00e9sente association peut adh\u00e9rer \u00e0 d\u2019autres associations, unions ou regroupements par d\u00e9cision de l\u2019assembl\u00e9e g\u00e9n\u00e9rale, sur proposition du conseil d\u2019administration.<\/p>\n<p>ARTICLE 10 &#8211; RESSOURCES<br \/>\nLes ressources de l&rsquo;association comprennent :<br \/>\na) Le montant des cotisations<br \/>\nb) Les dons de personnes physiques ou morales<br \/>\nc) Les subventions<br \/>\nd) Toutes les ressources autoris\u00e9es par les lois et r\u00e8glements en vigueur<\/p>\n<p>ARTICLE 11 &#8211; ASSEMBLEE GENERALE ORDINAIRE<br \/>\nL&rsquo;assembl\u00e9e g\u00e9n\u00e9rale ordinaire comprend tous les membres de l\u2019association \u00e0 jour de cotisation.<br \/>\nElle se r\u00e9unit au moins une fois par an, \u00e0 l\u2019initiative du Bureau. Quinze jours au moins avant la date choisie, les membres de l&rsquo;association sont convoqu\u00e9s par les soins du secr\u00e9taire. L&rsquo;ordre du jour, propos\u00e9 par le conseil d\u2019administration, figure sur les convocations. Tous les membres peuvent proposer que des points compl\u00e9mentaires soient ajout\u00e9s \u00e0 l\u2019ordre du jour.<br \/>\nLe pr\u00e9sident, ou l\u2019un des deux co-pr\u00e9sidents par alternance, assist\u00e9 des membres du conseil, pr\u00e9side l&rsquo;assembl\u00e9e et expose la situation morale ou l\u2019activit\u00e9 de l&rsquo;association.<br \/>\nLe tr\u00e9sorier rend compte de sa gestion et soumet les comptes annuels (bilan, compte de r\u00e9sultat et annexe) \u00e0 l&rsquo;approbation de l&rsquo;assembl\u00e9e.<br \/>\nL\u2019assembl\u00e9e g\u00e9n\u00e9rale fixe le montant des cotisations annuelles.<br \/>\nEn d\u00e9but de s\u00e9ance les points compl\u00e9mentaires propos\u00e9s par les membres sont examin\u00e9s par l\u2019assembl\u00e9e g\u00e9n\u00e9rale qui d\u00e9cide, ou non, de les ajouter \u00e0 l\u2019ordre du jour.<br \/>\nLes d\u00e9cisions sont prises \u00e0 la majorit\u00e9 des voix des membres pr\u00e9sents ou repr\u00e9sent\u00e9s (les procurations, \u00e9crites, sont admises \u00e0 raison d\u2019une procuration par membre pr\u00e9sent).<br \/>\nIl est proc\u00e9d\u00e9, apr\u00e8s \u00e9puisement de l&rsquo;ordre du jour, au renouvellement des membres sortants du conseil.<br \/>\nLes \u00e9lections nominatives se font \u00e0 bulletin secret sauf si l\u2019assembl\u00e9e d\u00e9cide unanimement de voter \u00e0 main lev\u00e9e sur proposition de l\u2019un de ses membres. Les autres d\u00e9lib\u00e9rations sont prises \u00e0 main lev\u00e9e sauf si l\u2019assembl\u00e9e g\u00e9n\u00e9rale en d\u00e9cide autrement.<br \/>\nLes d\u00e9cisions des assembl\u00e9es g\u00e9n\u00e9rales s\u2019imposent \u00e0 tous les membres, y compris absents ou repr\u00e9sent\u00e9s.<\/p>\n<p>ARTICLE 12 &#8211; ASSEMBL\u00c9E G\u00c9N\u00c9RALE EXTRAORDINAIRE<br \/>\nUne assembl\u00e9e g\u00e9n\u00e9rale extraordinaire peut \u00eatre convoqu\u00e9e \u00e0 la demande du conseil d\u2019administration ou sur demande du tiers des adh\u00e9rents \u00e0 jour de leur cotisation.<br \/>\nLes modalit\u00e9s de convocation sont les m\u00eames que pour l\u2019assembl\u00e9e g\u00e9n\u00e9rale ordinaire.<br \/>\nL\u2019assembl\u00e9e g\u00e9n\u00e9rale a notamment un caract\u00e8re extraordinaire lorsqu\u2019elle statue sur toutes les modifications aux statuts. Elle peut d\u00e9cider la dissolution et l\u2019attribution des biens de l\u2019association, la fusion avec toute association du m\u00eame objet.<br \/>\nUne telle assembl\u00e9e devra \u00eatre compos\u00e9e du quart au moins des membres actifs. Il devra \u00eatre statu\u00e9 \u00e0 la majorit\u00e9 des trois quarts des voix des membres pr\u00e9sents ou repr\u00e9sent\u00e9s.<br \/>\nSi le quorum n\u2019est pas atteint lors de la premi\u00e8re r\u00e9union de l\u2019assembl\u00e9e celle-ci sera convoqu\u00e9e \u00e0 nouveau par avis individuel \u00e0 quinze jours d\u2019intervalle et, lors de cette nouvelle r\u00e9union, elle pourra valablement d\u00e9lib\u00e9rer, quel que soit le nombre des membres pr\u00e9sents.<\/p>\n<p>ARTICLE 13 &#8211; CONSEIL D&rsquo;ADMINISTRATION<br \/>\nL\u2019association est dirig\u00e9e et repr\u00e9sent\u00e9e par un conseil d\u2019administration paritaire de douze membres au plus, \u00e9lus \u00e0 la majorit\u00e9 simple par l\u2019assembl\u00e9e g\u00e9n\u00e9rale. Ce conseil est renouvelable par moiti\u00e9 tous les deux ans. Les mandats ne peuvent \u00eatre renouvel\u00e9s plus de deux fois cons\u00e9cutivement.<br \/>\nSont \u00e9ligibles au conseil d\u2019administration les membres de l\u2019association \u00e0 jour de leur cotisation.<br \/>\nEn cas de vacance, le conseil pourvoit provisoirement au remplacement de ses membres (jusqu\u2019au retour des titulaires). Les pouvoirs des membres ainsi \u00e9lus prennent fin \u00e0 l&rsquo;expiration du mandat des membres remplac\u00e9s. Il est proc\u00e9d\u00e9 \u00e0 leur remplacement d\u00e9finitif par la plus prochaine assembl\u00e9e g\u00e9n\u00e9rale.<br \/>\nLes d\u00e9cisions sont prises \u00e0 la majorit\u00e9 des voix.<br \/>\nTout membre du conseil qui, sans excuse, n&rsquo;aura pas assist\u00e9 \u00e0 trois r\u00e9unions cons\u00e9cutives sera consid\u00e9r\u00e9 comme d\u00e9missionnaire.<\/p>\n<p>ARTICLE 14 \u2013 BUREAU<br \/>\nLe conseil d\u2019administration d\u00e9signe parmi ses membres un Bureau, paritaire, constitu\u00e9 de :<br \/>\n&#8211; Un-e pr\u00e9sident-e et un-e vice-pr\u00e9sidente, ou deux co-pr\u00e9sident-e-s<br \/>\n&#8211; Un secr\u00e9taire et un secr\u00e9taire adjoint<br \/>\n&#8211; Un tr\u00e9sorier et un tr\u00e9sorier adjoint<br \/>\nLes fonctions de pr\u00e9sident, ou co-pr\u00e9sident, et de tr\u00e9sorier ne sont pas cumulables.<\/p>\n<p>R\u00f4le des membres du bureau<br \/>\nPr\u00e9sident &#8211; Le Pr\u00e9sident, ou les deux co-pr\u00e9sidents, d\u00e9cident des assembl\u00e9es g\u00e9n\u00e9rales et des r\u00e9unions du conseil d\u2019administration.<br \/>\nIls repr\u00e9sentent l\u2019association dans tous les actes de la vie civile et sont investis de tous pouvoirs \u00e0 cet effet. Ils peuvent d\u00e9l\u00e9guer certaines de leurs attributions.<br \/>\nIls ont notamment qualit\u00e9 pour ester en justice au nom de l\u2019association, tant en demande qu\u2019en d\u00e9fense, apr\u00e8s autorisation du Conseil d\u2019Administration<br \/>\nEn cas d\u2019absence ou de maladie, le pr\u00e9sident est remplac\u00e9 par le vice-pr\u00e9sident, ou l\u2019un des deux co-pr\u00e9sidents qui assure seul la pr\u00e9sidence. En cas d\u2019emp\u00eachement du vice-pr\u00e9sident, ou du dernier co-pr\u00e9sident, il est remplac\u00e9 par le membre le plus ancien ou par tout autre administrateur sp\u00e9cialement d\u00e9sign\u00e9 par le conseil.<br \/>\nSecr\u00e9taire &#8211; Le secr\u00e9taire est charg\u00e9 de tout ce qui concerne la correspondance et les archives. Il r\u00e9dige les proc\u00e8s-verbaux des d\u00e9lib\u00e9rations. Il assure l\u2019ex\u00e9cution des formalit\u00e9s prescrites.<br \/>\nTr\u00e9sorier &#8211; Le tr\u00e9sorier est charg\u00e9 de tout ce qui concerne la gestion du patrimoine de l\u2019association. Il effectue tous les paiements et per\u00e7oit toutes les recettes sous la surveillance du pr\u00e9sident ou des deux co-pr\u00e9sidents.<br \/>\nIl tient une comptabilit\u00e9 r\u00e9guli\u00e8re, au jour le jour, de toutes les op\u00e9rations et rend compte \u00e0 l\u2019assembl\u00e9e annuelle, qui statue sur la gestion.<\/p>\n<p>ARTICLE 15 \u2013 INDEMNITES<br \/>\nToutes les fonctions, y compris celles des membres du conseil d\u2019administration et du bureau, sont gratuites et b\u00e9n\u00e9voles. Seuls les frais occasionn\u00e9s par l\u2019accomplissement de leur mandat sont rembours\u00e9s sur justificatifs. Le rapport financier pr\u00e9sent\u00e9 \u00e0 l\u2019assembl\u00e9e g\u00e9n\u00e9rale ordinaire pr\u00e9sente, par b\u00e9n\u00e9ficiaire, les remboursements de frais de mission, de d\u00e9placement ou de repr\u00e9sentation.<\/p>\n<p>ARTICLE 16 &#8211; R\u00c8GLEMENT INT\u00c9RIEUR<br \/>\nUn r\u00e8glement int\u00e9rieur peut \u00eatre \u00e9tabli par le conseil d&rsquo;administration, qui le fait alors approuver par l&rsquo;assembl\u00e9e g\u00e9n\u00e9rale.<br \/>\nCe r\u00e8glement \u00e9ventuel est destin\u00e9 \u00e0 fixer les divers points non pr\u00e9vus par les pr\u00e9sents statuts, notamment ceux qui ont trait \u00e0 l&rsquo;administration interne de l&rsquo;association.<\/p>\n<p>ARTICLE 17 &#8211; DISSOLUTION<br \/>\nEn cas de dissolution prononc\u00e9e selon les modalit\u00e9s pr\u00e9vues \u00e0 l\u2019article 12, un ou plusieurs liquidateurs sont nomm\u00e9s, et l&rsquo;actif, s&rsquo;il y a lieu, est d\u00e9volu conform\u00e9ment aux d\u00e9cisions de l\u2019assembl\u00e9e g\u00e9n\u00e9rale extraordinaire qui statue sur la dissolution.<br \/>\n\u00ab Fait \u00e0 Clamart, le 19 mai 2014 \u00bb<\/p>\n\n<div class=\"twitter-share\"><a href=\"https:\/\/twitter.com\/intent\/tweet?via=clamartcitoy\" class=\"twitter-share-button\">Tweet<\/a><\/div>\n","protected":false},"excerpt":{"rendered":"<p>Statuts de l&rsquo;association Clamart Citoyenne ARTICLE PREMIER \u2013 NOM Il est fond\u00e9 entre les adh\u00e9rents aux pr\u00e9sents statuts une association r\u00e9gie par la loi du 1er juillet 1901 et le d\u00e9cret du 16 ao\u00fbt 1901, ayant pour titre : Clamart Citoyenne ARTICLE 2 &#8211; OBJET Cette association a pour objectifs de : &#8211; Agir pour&#8230;<\/p>\n","protected":false},"author":1,"featured_media":0,"parent":0,"menu_order":0,"comment_status":"open","ping_status":"open","template":"","meta":{"advgb_blocks_editor_width":"","advgb_blocks_columns_visual_guide":"","_kad_post_transparent":"","_kad_post_title":"","_kad_post_layout":"","_kad_post_sidebar_id":"","_kad_post_content_style":"","_kad_post_vertical_padding":"","_kad_post_feature":"","_kad_post_feature_position":"","_kad_post_header":false,"_kad_post_footer":false,"_kad_post_classname":"","jetpack_post_was_ever_published":false,"footnotes":""},"class_list":["post-130","page","type-page","status-publish","hentry"],"coauthors":[],"author_meta":{"author_link":"https:\/\/clamart-citoyenne.fr\/?author=1","display_name":"CCadminWP"},"relative_dates":{"created":"Publi\u00e9 12 ans il y a","modified":"Mis \u00e0 jour 12 ans il y a"},"absolute_dates":{"created":"Publi\u00e9 le 11\/06\/2014","modified":"Mise \u00e0 jour le 11\/06\/2014"},"absolute_dates_time":{"created":"Publi\u00e9 le 11\/06\/2014 10:12","modified":"Mise \u00e0 jour le 11\/06\/2014 10:23"},"featured_img_caption":"","featured_img":false,"series_order":"","jetpack_sharing_enabled":true,"jetpack_shortlink":"https:\/\/wp.me\/P7cbn9-26","jetpack_likes_enabled":true,"_links":{"self":[{"href":"https:\/\/clamart-citoyenne.fr\/index.php?rest_route=\/wp\/v2\/pages\/130","targetHints":{"allow":["GET"]}}],"collection":[{"href":"https:\/\/clamart-citoyenne.fr\/index.php?rest_route=\/wp\/v2\/pages"}],"about":[{"href":"https:\/\/clamart-citoyenne.fr\/index.php?rest_route=\/wp\/v2\/types\/page"}],"author":[{"embeddable":true,"href":"https:\/\/clamart-citoyenne.fr\/index.php?rest_route=\/wp\/v2\/users\/1"}],"replies":[{"embeddable":true,"href":"https:\/\/clamart-citoyenne.fr\/index.php?rest_route=%2Fwp%2Fv2%2Fcomments&post=130"}],"version-history":[{"count":4,"href":"https:\/\/clamart-citoyenne.fr\/index.php?rest_route=\/wp\/v2\/pages\/130\/revisions"}],"predecessor-version":[{"id":136,"href":"https:\/\/clamart-citoyenne.fr\/index.php?rest_route=\/wp\/v2\/pages\/130\/revisions\/136"}],"wp:attachment":[{"href":"https:\/\/clamart-citoyenne.fr\/index.php?rest_route=%2Fwp%2Fv2%2Fmedia&parent=130"}],"curies":[{"name":"wp","href":"https:\/\/api.w.org\/{rel}","templated":true}]}}