{"id":23,"date":"2014-06-11T10:25:35","date_gmt":"2014-06-11T10:25:35","guid":{"rendered":"http:\/\/clamart-citoyenne.net\/?page_id=23"},"modified":"2021-02-14T20:17:49","modified_gmt":"2021-02-14T18:17:49","slug":"qui-sommes-nous","status":"publish","type":"page","link":"https:\/\/clamart-citoyenne.fr\/?page_id=23","title":{"rendered":"Qui sommes nous ?"},"content":{"rendered":"<p style=\"text-align: justify;\">N\u00e9e \u00e0 la suite de la campagne pour les \u00e9lections municipales de 2014 o\u00f9 la liste Clamart Citoyenne a fait plus de 11% et obtenu 2 \u00e9lus, l&rsquo;association Clamart Citoyenne souhaite insuffler, \u00e0 Clamart, un renouveau politique.<\/p>\n<p style=\"text-align: justify;\">Ax\u00e9e sur la d\u00e9mocratie locale, l&rsquo;\u00e9thique en politique, la participation active des habitants, la lutte contre les in\u00e9galit\u00e9s sociales et la prise en compte des enjeux \u00e9cologiques locaux et g\u00e9n\u00e9raux, Clamart Citoyenne vous invite \u00e0 rejoindre celles et ceux qui pensent qu&rsquo;un monde plus solidaire et plus \u00e9cologique est indispensable !<\/p>\n<p style=\"text-align: justify;\"><a title=\"Adh\u00e9rez\" href=\"?page_id=110\">Rejoignez nous, adh\u00e9rez \u00e0 l&rsquo;association !<\/a><\/p>\n\n<div class=\"twitter-share\"><a href=\"https:\/\/twitter.com\/intent\/tweet?via=clamartcitoy\" class=\"twitter-share-button\">Tweet<\/a><\/div>\n","protected":false},"excerpt":{"rendered":"<p>N\u00e9e \u00e0 la suite de la campagne pour les \u00e9lections municipales de 2014 o\u00f9 la liste Clamart Citoyenne a fait plus de 11% et obtenu 2 \u00e9lus, l&rsquo;association Clamart Citoyenne souhaite insuffler, \u00e0 Clamart, un renouveau politique. Ax\u00e9e sur la d\u00e9mocratie locale, l&rsquo;\u00e9thique en politique, la participation active des habitants, la lutte contre les in\u00e9galit\u00e9s&#8230;<\/p>\n","protected":false},"author":1,"featured_media":0,"parent":0,"menu_order":0,"comment_status":"open","ping_status":"open","template":"","meta":{"advgb_blocks_editor_width":"","advgb_blocks_columns_visual_guide":"","_kad_post_transparent":"","_kad_post_title":"","_kad_post_layout":"","_kad_post_sidebar_id":"","_kad_post_content_style":"","_kad_post_vertical_padding":"","_kad_post_feature":"","_kad_post_feature_position":"","_kad_post_header":false,"_kad_post_footer":false,"_kad_post_classname":"","jetpack_post_was_ever_published":false,"footnotes":""},"class_list":["post-23","page","type-page","status-publish","hentry"],"coauthors":[],"author_meta":{"author_link":"https:\/\/clamart-citoyenne.fr\/?author=1","display_name":"CCadminWP"},"relative_dates":{"created":"Publi\u00e9 12 ans il y a","modified":"Mis \u00e0 jour 5 ans il y a"},"absolute_dates":{"created":"Publi\u00e9 le 11\/06\/2014","modified":"Mise \u00e0 jour le 14\/02\/2021"},"absolute_dates_time":{"created":"Publi\u00e9 le 11\/06\/2014 10:25","modified":"Mise \u00e0 jour le 14\/02\/2021 20:17"},"featured_img_caption":"","featured_img":false,"series_order":"","jetpack_sharing_enabled":true,"jetpack_shortlink":"https:\/\/wp.me\/P7cbn9-n","jetpack_likes_enabled":true,"_links":{"self":[{"href":"https:\/\/clamart-citoyenne.fr\/index.php?rest_route=\/wp\/v2\/pages\/23","targetHints":{"allow":["GET"]}}],"collection":[{"href":"https:\/\/clamart-citoyenne.fr\/index.php?rest_route=\/wp\/v2\/pages"}],"about":[{"href":"https:\/\/clamart-citoyenne.fr\/index.php?rest_route=\/wp\/v2\/types\/page"}],"author":[{"embeddable":true,"href":"https:\/\/clamart-citoyenne.fr\/index.php?rest_route=\/wp\/v2\/users\/1"}],"replies":[{"embeddable":true,"href":"https:\/\/clamart-citoyenne.fr\/index.php?rest_route=%2Fwp%2Fv2%2Fcomments&post=23"}],"version-history":[{"count":5,"href":"https:\/\/clamart-citoyenne.fr\/index.php?rest_route=\/wp\/v2\/pages\/23\/revisions"}],"predecessor-version":[{"id":31518,"href":"https:\/\/clamart-citoyenne.fr\/index.php?rest_route=\/wp\/v2\/pages\/23\/revisions\/31518"}],"wp:attachment":[{"href":"https:\/\/clamart-citoyenne.fr\/index.php?rest_route=%2Fwp%2Fv2%2Fmedia&parent=23"}],"curies":[{"name":"wp","href":"https:\/\/api.w.org\/{rel}","templated":true}]}}